{"id":1319,"date":"2020-05-13T13:15:38","date_gmt":"2020-05-13T13:15:38","guid":{"rendered":"https:\/\/mellifera.qodeinteractive.com\/?page_id=1319"},"modified":"2025-04-19T16:27:46","modified_gmt":"2025-04-19T13:27:46","slug":"contact-us","status":"publish","type":"page","link":"https:\/\/kirpetegi.com\/?page_id=1319","title":{"rendered":"\u0130LET\u0130\u015e\u0130M"},"content":{"rendered":"\t\t<div data-elementor-type=\"wp-page\" data-elementor-id=\"1319\" class=\"elementor elementor-1319\" data-elementor-settings=\"[]\">\n\t\t\t\t\t\t\t<div class=\"elementor-section-wrap\">\n\t\t\t\t\t\t\t<section class=\"elementor-section elementor-top-section elementor-element elementor-element-387e530 qodef-elementor-content-grid elementor-section-boxed elementor-section-height-default elementor-section-height-default qodef-bees-holder-no qodef-section-backgrounds-animation-no\" data-id=\"387e530\" data-element_type=\"section\" data-settings=\"{&quot;background_background&quot;:&quot;classic&quot;,&quot;_ha_eqh_enable&quot;:false}\">\n\t\t\t\t\t\t\t<div class=\"elementor-background-overlay\"><\/div>\n\t\t\t\t\t\t\t<div class=\"elementor-container elementor-column-gap-default\">\n\t\t\t\t\t<div class=\"elementor-column elementor-col-50 elementor-top-column elementor-element elementor-element-4c6103d\" data-id=\"4c6103d\" data-element_type=\"column\" data-settings=\"{&quot;background_background&quot;:&quot;classic&quot;}\">\n\t\t\t<div class=\"elementor-widget-wrap elementor-element-populated\">\n\t\t\t\t\t\t\t\t<div class=\"elementor-element elementor-element-d1f8c96 elementor-widget elementor-widget-mellifera_core_video_button\" data-id=\"d1f8c96\" data-element_type=\"widget\" data-widget_type=\"mellifera_core_video_button.default\">\n\t\t\t\t<div class=\"elementor-widget-container\">\n\t\t\t<div class=\"qodef-shortcode qodef-m  qodef-video-button qodef--has-img\">\n\t    <div class=\"qodef-m-image\">\n\t\t<img loading=\"lazy\" decoding=\"async\" width=\"800\" height=\"490\" src=\"https:\/\/kirpetegi.com\/wp-content\/uploads\/2020\/04\/h1-img1.jpg\" class=\"attachment-full size-full\" alt=\"yh\" srcset=\"https:\/\/kirpetegi.com\/wp-content\/uploads\/2020\/04\/h1-img1.jpg 800w, https:\/\/kirpetegi.com\/wp-content\/uploads\/2020\/04\/h1-img1-600x368.jpg 600w, https:\/\/kirpetegi.com\/wp-content\/uploads\/2020\/04\/h1-img1-300x184.jpg 300w, https:\/\/kirpetegi.com\/wp-content\/uploads\/2020\/04\/h1-img1-768x470.jpg 768w\" sizes=\"auto, (max-width: 800px) 100vw, 800px\" \/>    <\/div>\n\t\t<a itemprop=\"url\" class=\"qodef-m-play qodef-magnific-popup qodef-popup-item\" style=\"color: #FFFFFF\" href=\"https:\/\/vimeo.com\/44384072\" data-type=\"iframe\">\n\t\t<span class=\"qodef-m-play-holder\">\n\t\t\t<span class=\"qodef-m-play-inner\">\n\t\t\t\t<span class=\"qodef-icon-fontkiko kiko-triangular-arrow-right\" ><\/span>\t\t\t<\/span>\n\t\t\t\t\t<\/span>\n\t\n\t<\/a>\n<\/div>\t\t<\/div>\n\t\t\t\t<\/div>\n\t\t\t\t<div class=\"elementor-element elementor-element-76eedbe elementor-widget elementor-widget-mellifera_core_section_title\" data-id=\"76eedbe\" data-element_type=\"widget\" data-widget_type=\"mellifera_core_section_title.default\">\n\t\t\t\t<div class=\"elementor-widget-container\">\n\t\t\t<div class=\"qodef-shortcode qodef-m  qodef-section-title qodef-alignment--left \">\n\t\t<h3 class=\"qodef-m-title\" style=\"color: #FFFFFF\">\n\t\t\t\t\tK\u0131r Pete\u011fi\t\t\t<\/h3>\n\t<\/div>\t\t<\/div>\n\t\t\t\t<\/div>\n\t\t\t\t<div class=\"elementor-element elementor-element-2488fb3 elementor-widget elementor-widget-text-editor\" data-id=\"2488fb3\" data-element_type=\"widget\" data-widget_type=\"text-editor.default\">\n\t\t\t\t<div class=\"elementor-widget-container\">\n\t\t\t\t\t<div class=\"elementor-text-editor elementor-clearfix\"><p style=\"margin-bottom: 30px;\"><strong>Adres<\/strong> : Macun Mahallesi Gimat Toptanc\u0131lar Sitesi 13. Blok No:361 Yenimahalle Ankara<br \/><strong>Tel<\/strong>: 0553 132 77 66<br \/><strong>Fax<\/strong>: 0312 387 10 91<br \/><strong>Eposta<\/strong>: petekli.ltd@gmail.com<\/p><p><strong>Fabrika<\/strong>: Organize Sanayi B\u00f6lgesi 3. K\u0131s\u0131m No:32 Sivas<\/p><\/div>\n\t\t\t\t<\/div>\n\t\t\t\t<\/div>\n\t\t\t\t\t<\/div>\n\t\t<\/div>\n\t\t\t\t<div class=\"elementor-column elementor-col-50 elementor-top-column elementor-element elementor-element-dc3830b\" data-id=\"dc3830b\" data-element_type=\"column\" data-settings=\"{&quot;background_background&quot;:&quot;classic&quot;}\">\n\t\t\t<div class=\"elementor-widget-wrap elementor-element-populated\">\n\t\t\t\t\t\t\t\t<div class=\"elementor-element elementor-element-a75ed62 elementor-widget elementor-widget-shortcode\" data-id=\"a75ed62\" data-element_type=\"widget\" data-widget_type=\"shortcode.default\">\n\t\t\t\t<div class=\"elementor-widget-container\">\n\t\t\t\t\t<div class=\"elementor-shortcode\"><div role=\"form\" class=\"wpcf7\" id=\"wpcf7-f14-o1\" lang=\"en-US\" dir=\"ltr\">\n<div class=\"screen-reader-response\"><p role=\"status\" aria-live=\"polite\" aria-atomic=\"true\"><\/p> <ul><\/ul><\/div>\n<form action=\"\/index.php?rest_route=%2Fwp%2Fv2%2Fpages%2F1319#wpcf7-f14-o1\" method=\"post\" class=\"wpcf7-form init\" novalidate=\"novalidate\" data-status=\"init\">\n<div style=\"display: none;\">\n<input type=\"hidden\" name=\"_wpcf7\" value=\"14\" \/>\n<input type=\"hidden\" name=\"_wpcf7_version\" value=\"5.4\" \/>\n<input type=\"hidden\" name=\"_wpcf7_locale\" value=\"en_US\" \/>\n<input type=\"hidden\" name=\"_wpcf7_unit_tag\" value=\"wpcf7-f14-o1\" \/>\n<input type=\"hidden\" name=\"_wpcf7_container_post\" value=\"0\" \/>\n<input type=\"hidden\" name=\"_wpcf7_posted_data_hash\" value=\"\" \/>\n<\/div>\n<div class=\"qodef-contact-page\">\n    <span class=\"wpcf7-form-control-wrap first-name\"><input type=\"text\" name=\"first-name\" value=\"\" size=\"40\" class=\"wpcf7-form-control wpcf7-text wpcf7-validates-as-required\" aria-required=\"true\" aria-invalid=\"false\" placeholder=\"Ad\u0131n\u0131z\" \/><\/span><br \/>\n    <span class=\"wpcf7-form-control-wrap last-name\"><input type=\"text\" name=\"last-name\" value=\"\" size=\"40\" class=\"wpcf7-form-control wpcf7-text wpcf7-validates-as-required\" aria-required=\"true\" aria-invalid=\"false\" placeholder=\"Soyad\u0131n\u0131z\" \/><\/span><br \/>\n    <span class=\"wpcf7-form-control-wrap your-email\"><input type=\"email\" name=\"your-email\" value=\"\" size=\"40\" class=\"wpcf7-form-control wpcf7-text wpcf7-email wpcf7-validates-as-required wpcf7-validates-as-email\" aria-required=\"true\" aria-invalid=\"false\" placeholder=\"Eposta adresiniz\" \/><\/span><br \/>\n    <span class=\"wpcf7-form-control-wrap your-phone\"><input type=\"text\" name=\"your-phone\" value=\"\" size=\"40\" class=\"wpcf7-form-control wpcf7-text\" aria-invalid=\"false\" placeholder=\"Telefon\" \/><\/span><br \/>\n    <span class=\"wpcf7-form-control-wrap your-message\"><textarea name=\"your-message\" cols=\"40\" rows=\"6\" class=\"wpcf7-form-control wpcf7-textarea\" aria-invalid=\"false\" placeholder=\"Mesaj\u0131n\u0131z\"><\/textarea><\/span><br \/>\n    <button type=\"submit\" class=\"wpcf7-form-control wpcf7-submit qodef-button qodef-size--normal qodef-type--filled qodef-m\"><span class=\"qodef-m-text\">G\u00f6nder<\/span><\/button>\n<\/div>\n<div class=\"wpcf7-response-output\" aria-hidden=\"true\"><\/div><\/form><\/div><\/div>\n\t\t\t\t<\/div>\n\t\t\t\t<\/div>\n\t\t\t\t\t<\/div>\n\t\t<\/div>\n\t\t\t\t\t\t\t<\/div>\n\t\t<\/section>\n\t\t\t\t\t\t<\/div>\n\t\t\t\t\t<\/div>\n\t\t","protected":false},"excerpt":{"rendered":"<p>K\u0131r Pete\u011fi Adres : Macun Mahallesi Gimat Toptanc\u0131lar Sitesi 13. Blok No:361 Yenimahalle AnkaraTel: 0553 132 77 66Fax: 0312 387 10 91Eposta: petekli.ltd@gmail.com Fabrika: Organize Sanayi B\u00f6lgesi 3. K\u0131s\u0131m No:32 Sivas<\/p>\n","protected":false},"author":1,"featured_media":0,"parent":0,"menu_order":0,"comment_status":"closed","ping_status":"closed","template":"page-full-width.php","meta":{"footnotes":""},"class_list":["post-1319","page","type-page","status-publish","hentry"],"_links":{"self":[{"href":"https:\/\/kirpetegi.com\/index.php?rest_route=\/wp\/v2\/pages\/1319","targetHints":{"allow":["GET"]}}],"collection":[{"href":"https:\/\/kirpetegi.com\/index.php?rest_route=\/wp\/v2\/pages"}],"about":[{"href":"https:\/\/kirpetegi.com\/index.php?rest_route=\/wp\/v2\/types\/page"}],"author":[{"embeddable":true,"href":"https:\/\/kirpetegi.com\/index.php?rest_route=\/wp\/v2\/users\/1"}],"replies":[{"embeddable":true,"href":"https:\/\/kirpetegi.com\/index.php?rest_route=%2Fwp%2Fv2%2Fcomments&post=1319"}],"version-history":[{"count":17,"href":"https:\/\/kirpetegi.com\/index.php?rest_route=\/wp\/v2\/pages\/1319\/revisions"}],"predecessor-version":[{"id":3040,"href":"https:\/\/kirpetegi.com\/index.php?rest_route=\/wp\/v2\/pages\/1319\/revisions\/3040"}],"wp:attachment":[{"href":"https:\/\/kirpetegi.com\/index.php?rest_route=%2Fwp%2Fv2%2Fmedia&parent=1319"}],"curies":[{"name":"wp","href":"https:\/\/api.w.org\/{rel}","templated":true}]}}